{"id":154,"date":"2016-10-25T11:07:20","date_gmt":"2016-10-25T11:07:20","guid":{"rendered":"http:\/\/www.personasounds.com\/?page_id=154"},"modified":"2017-01-08T19:14:38","modified_gmt":"2017-01-08T19:14:38","slug":"connections","status":"publish","type":"page","link":"http:\/\/www.personasounds.com\/?page_id=154&lang=en","title":{"rendered":"Collaborations"},"content":{"rendered":"<div class=\"row\">\n<p><!-- Footer Col. --><\/p>\n<div class=\"col-xs-12 col-md-12 col-sm-12 col-lg-6\" style=\"text-align: center;\"><\/div>\n<p style=\"text-align: center;\"><strong>Priscilla Vela (Contrabajo)<\/strong><\/p>\n<p style=\"text-align: center;\"><img loading=\"lazy\" class=\"alignnone wp-image-184\" src=\"http:\/\/www.personasounds.com\/wp-content\/uploads\/2016\/10\/priscilla-300x300.jpg\" alt=\"priscilla\" width=\"249\" height=\"249\" srcset=\"http:\/\/www.personasounds.com\/wp-content\/uploads\/2016\/10\/priscilla-300x300.jpg 300w, http:\/\/www.personasounds.com\/wp-content\/uploads\/2016\/10\/priscilla-150x150.jpg 150w, http:\/\/www.personasounds.com\/wp-content\/uploads\/2016\/10\/priscilla.jpg 500w\" sizes=\"(max-width: 249px) 100vw, 249px\" \/><\/p>\n<p style=\"text-align: center;\">Contrabajo miembro de la Orquesta de la Comunidad Valenciana del Palau de les Arts Reina Sofia. Miembro fundador del Ensemble Phi 1.6, as\u00ed como de su actual proyecto Zaumd<\/p>\n<p style=\"text-align: center;\"><a href=\"http:\/\/www.priscillavela.com\/\" target=\"_blank\">http:\/\/www.priscillavela.com\/<\/a><\/p>\n<p style=\"text-align: center;\"><strong>Voro Garc\u00eda (Trompeta)<\/strong><\/p>\n<p style=\"text-align: center;\"><img loading=\"lazy\" class=\"alignnone wp-image-186\" src=\"http:\/\/www.personasounds.com\/wp-content\/uploads\/2016\/10\/Voro-300x271.jpg\" alt=\"voro\" width=\"250\" height=\"225\" srcset=\"http:\/\/www.personasounds.com\/wp-content\/uploads\/2016\/10\/Voro-300x271.jpg 300w, http:\/\/www.personasounds.com\/wp-content\/uploads\/2016\/10\/Voro.jpg 534w\" sizes=\"(max-width: 250px) 100vw, 250px\" \/><\/p>\n<p style=\"text-align: center;\">Trompetista renombrado en el mundo del jazz, ha colaborado con numerosos artistas a la vez que lleva sus numerosos proyectos como \u201cElectrio\u201d.<\/p>\n<p style=\"text-align: center;\"><a href=\"http:\/\/vorogarciajazz.blogspot.com.es\/\" target=\"_blank\">http:\/\/vorogarciajazz.blogspot.com.es\/<\/a><\/p>\n<p style=\"text-align: center;\"><strong>Ra\u00fal Huaman (Danza)<\/strong><\/p>\n<p style=\"text-align: center;\"><img loading=\"lazy\" class=\"alignnone wp-image-188\" src=\"http:\/\/www.personasounds.com\/wp-content\/uploads\/2016\/10\/raul-300x283.jpg\" alt=\"raul\" width=\"250\" height=\"236\" srcset=\"http:\/\/www.personasounds.com\/wp-content\/uploads\/2016\/10\/raul-300x283.jpg 300w, http:\/\/www.personasounds.com\/wp-content\/uploads\/2016\/10\/raul.jpg 500w\" sizes=\"(max-width: 250px) 100vw, 250px\" \/><\/p>\n<p style=\"text-align: center;\">Core\u00f3grafo e int\u00e9rprete canadiense, aborda la danza con una gestualidad propia, inspir\u00e1ndose en los valores que hicieron aparecer el Butoh en Jap\u00f3n a mediados del s.XX.<\/p>\n<p style=\"text-align: center;\"><strong>Rafael Ramos (Contrabajo)\u00a0<\/strong><\/p>\n<p style=\"text-align: center;\"><img loading=\"lazy\" class=\"alignnone wp-image-189\" src=\"http:\/\/www.personasounds.com\/wp-content\/uploads\/2016\/10\/rafa-286x300.jpg\" alt=\"rafa\" width=\"250\" height=\"263\" srcset=\"http:\/\/www.personasounds.com\/wp-content\/uploads\/2016\/10\/rafa-286x300.jpg 286w, http:\/\/www.personasounds.com\/wp-content\/uploads\/2016\/10\/rafa.jpg 500w\" sizes=\"(max-width: 250px) 100vw, 250px\" \/><\/p>\n<p style=\"text-align: center;\">Contrabajo, nacido en Valencia, su trayectoria pasa del rock y pop en sus origenes al jazz, cl\u00e1sico y m\u00fasicas del mundo en su madurez. Bajo el\u00e9ctrico, guitarra y contrabajo como medio de expresi\u00f3n. Int\u00e9rprete y compositor para audiovisuales. Forma parte de diversos proyectos musicales.<\/p>\n<p style=\"text-align: center;\"><a href=\"https:\/\/rafaelramossania.bandcamp.com\/\" target=\"_blank\">https:\/\/rafaelramossania.bandcamp.com\/<\/a><\/p>\n<\/div>\n","protected":false},"excerpt":{"rendered":"<p>Priscilla Vela (Contrabajo) Contrabajo miembro de la Orquesta de la Comunidad Valenciana del Palau de les Arts Reina Sofia. Miembro fundador del Ensemble Phi 1.6, as\u00ed como de su actual proyecto Zaumd http:\/\/www.priscillavela.com\/ Voro Garc\u00eda (Trompeta) Trompetista renombrado en el mundo del jazz, ha colaborado con numerosos artistas a la vez que lleva sus numerosos [&hellip;]<\/p>\n","protected":false},"author":1,"featured_media":0,"parent":0,"menu_order":0,"comment_status":"closed","ping_status":"closed","template":"","meta":[],"_links":{"self":[{"href":"http:\/\/www.personasounds.com\/index.php?rest_route=\/wp\/v2\/pages\/154"}],"collection":[{"href":"http:\/\/www.personasounds.com\/index.php?rest_route=\/wp\/v2\/pages"}],"about":[{"href":"http:\/\/www.personasounds.com\/index.php?rest_route=\/wp\/v2\/types\/page"}],"author":[{"embeddable":true,"href":"http:\/\/www.personasounds.com\/index.php?rest_route=\/wp\/v2\/users\/1"}],"replies":[{"embeddable":true,"href":"http:\/\/www.personasounds.com\/index.php?rest_route=%2Fwp%2Fv2%2Fcomments&post=154"}],"version-history":[{"count":6,"href":"http:\/\/www.personasounds.com\/index.php?rest_route=\/wp\/v2\/pages\/154\/revisions"}],"predecessor-version":[{"id":325,"href":"http:\/\/www.personasounds.com\/index.php?rest_route=\/wp\/v2\/pages\/154\/revisions\/325"}],"wp:attachment":[{"href":"http:\/\/www.personasounds.com\/index.php?rest_route=%2Fwp%2Fv2%2Fmedia&parent=154"}],"curies":[{"name":"wp","href":"https:\/\/api.w.org\/{rel}","templated":true}]}}