{"id":158,"date":"2016-10-25T11:09:30","date_gmt":"2016-10-25T11:09:30","guid":{"rendered":"http:\/\/www.personasounds.com\/?page_id=158"},"modified":"2021-05-12T22:33:28","modified_gmt":"2021-05-12T22:33:28","slug":"proximas-fechas","status":"publish","type":"page","link":"http:\/\/www.personasounds.com\/?page_id=158&lang=es","title":{"rendered":"Pr\u00f3ximas fechas"},"content":{"rendered":"<p style=\"text-align: center;\"><strong>\u00abl&#8217;Efecte Goldman\u00bb<\/strong><\/p>\n<p style=\"text-align: center;\"><img loading=\"lazy\" class=\"alignnone size-medium wp-image-406\" src=\"http:\/\/www.personasounds.com\/wp-content\/uploads\/2016\/10\/185874678_143465591095587_2034219681122373730_n-300x157.jpg\" alt=\"185874678_143465591095587_2034219681122373730_n\" width=\"300\" height=\"157\" srcset=\"http:\/\/www.personasounds.com\/wp-content\/uploads\/2016\/10\/185874678_143465591095587_2034219681122373730_n-300x157.jpg 300w, http:\/\/www.personasounds.com\/wp-content\/uploads\/2016\/10\/185874678_143465591095587_2034219681122373730_n-768x401.jpg 768w, http:\/\/www.personasounds.com\/wp-content\/uploads\/2016\/10\/185874678_143465591095587_2034219681122373730_n.jpg 800w\" sizes=\"(max-width: 300px) 100vw, 300px\" \/><\/p>\n<p style=\"text-align: center;\">20, 21, 22, 23 mayo 2021<\/p>\n<p style=\"text-align: center;\">Teatro C\u00edrculo (Benimaclet, Val\u00e8ncia)<\/p>\n<p style=\"text-align: center;\">info+tickets:\u00a0<a href=\"https:\/\/entradas.teatrocirculo.com\/espectaculo\/7\/lefecte-goldman.html\">L\u00b4EFECTE GOLDMAN (teatrocirculo.com)<\/a><\/p>\n<p><span class=\"fontstyle0\">Un acte creatiu no succeeix sols a un escenari, a un quadre o a un llibre, sino que \u00e9s un mode de pensament disruptiu; un proc\u00e9s que permet obrir una escletxa a una estructura aparentment inmutable per a pintar un nou paisatge, una nova realitat.<br \/>\nQuan, des de la normalitat, pensar en un canvi dr\u00e0stic suggereix un salt al buit, el pensament o acte creatiu proposa el nou escenari on caure despr\u00e9s de saltar.<br \/>\nLa conquesta dels drets socials per les dones i les comunitats racialitzades, el<br \/>\nreconeixement LGBTIQ+, el canvi de consci\u00e8ncia respecte als dem\u00e9s animals, o l&#8217;imminent i necessari canvi de paradigma respecte al planeta s\u00f3n fruit del seg\u00fcent proc\u00e9s:<\/span><br \/>\n<span class=\"fontstyle2\">malestar\/disconformitat, reflexi\u00f3 cr\u00edtica i acci\u00f3.<\/span><br \/>\n<span class=\"fontstyle0\">Aquest proc\u00e9s de creaci\u00f3 pot ser una actitut quotidiana ja que la vida i la hist\u00f2ria s\u00f3n c\u00edcliques i les in\u00e8rcies estructurals durant tant de temps assolides actuen amb for\u00e7a per tal d&#8217;impedir el canvi de paradigma.<br \/>\nAquesta obra barreja l&#8217;expressi\u00f3 corporal amb elements visuals i sonors per convidar al p\u00fablic a ser actor social, a extendre l&#8217;acte creatiu fora de l&#8217;escenari i a fer possessi\u00f3 del poder que t\u00e9 com a col\u00b7lectiu hum\u00e0 per a afrontar una p\u00e0gina en blanc de la Hist\u00f2ria futura.<\/span><\/p>\n<p><strong><span class=\"fontstyle0\">Equip Art\u00edstic<\/span><\/strong><span class=\"fontstyle2\"><strong>:<\/strong><br \/>\n<\/span><\/p>\n<p>Daniel Benedito: Concepte\/Direcci\u00f3\/m\u00fasica en directe.<\/p>\n<p><span class=\"fontstyle2\">Lorenza Di Calogero: Ballarina\/Coreografia.<\/span><\/p>\n<p><span class=\"fontstyle2\"><br \/>\nJavier Vega: il\u00b7luminaci\u00f3 i so<\/span><\/p>\n<p>Modalitat: Dansa-teatre \/ Video-Dansa \/ Performance<\/p>\n","protected":false},"excerpt":{"rendered":"<p>\u00abl&#8217;Efecte Goldman\u00bb 20, 21, 22, 23 mayo 2021 Teatro C\u00edrculo (Benimaclet, Val\u00e8ncia) info+tickets:\u00a0L\u00b4EFECTE GOLDMAN (teatrocirculo.com) Un acte creatiu no succeeix sols a un escenari, a un quadre o a un llibre, sino que \u00e9s un mode de pensament disruptiu; un proc\u00e9s que permet obrir una escletxa a una estructura aparentment inmutable per a pintar un [&hellip;]<\/p>\n","protected":false},"author":1,"featured_media":0,"parent":0,"menu_order":0,"comment_status":"closed","ping_status":"closed","template":"","meta":[],"_links":{"self":[{"href":"http:\/\/www.personasounds.com\/index.php?rest_route=\/wp\/v2\/pages\/158"}],"collection":[{"href":"http:\/\/www.personasounds.com\/index.php?rest_route=\/wp\/v2\/pages"}],"about":[{"href":"http:\/\/www.personasounds.com\/index.php?rest_route=\/wp\/v2\/types\/page"}],"author":[{"embeddable":true,"href":"http:\/\/www.personasounds.com\/index.php?rest_route=\/wp\/v2\/users\/1"}],"replies":[{"embeddable":true,"href":"http:\/\/www.personasounds.com\/index.php?rest_route=%2Fwp%2Fv2%2Fcomments&post=158"}],"version-history":[{"count":12,"href":"http:\/\/www.personasounds.com\/index.php?rest_route=\/wp\/v2\/pages\/158\/revisions"}],"predecessor-version":[{"id":408,"href":"http:\/\/www.personasounds.com\/index.php?rest_route=\/wp\/v2\/pages\/158\/revisions\/408"}],"wp:attachment":[{"href":"http:\/\/www.personasounds.com\/index.php?rest_route=%2Fwp%2Fv2%2Fmedia&parent=158"}],"curies":[{"name":"wp","href":"https:\/\/api.w.org\/{rel}","templated":true}]}}