{"id":58,"date":"2016-09-26T17:27:46","date_gmt":"2016-09-26T17:27:46","guid":{"rendered":"http:\/\/www.personasounds.com\/?page_id=58"},"modified":"2017-01-05T08:41:36","modified_gmt":"2017-01-05T08:41:36","slug":"project","status":"publish","type":"page","link":"http:\/\/www.personasounds.com\/?page_id=58&lang=en","title":{"rendered":"The project"},"content":{"rendered":"<p><strong>The project<\/strong><\/p>\n<p><img loading=\"lazy\" class=\"wp-image-212 aligncenter\" src=\"http:\/\/www.personasounds.com\/wp-content\/uploads\/2016\/09\/EVA_0880reducida-300x211.jpg\" alt=\"eva_0880reducida\" width=\"318\" height=\"224\" srcset=\"http:\/\/www.personasounds.com\/wp-content\/uploads\/2016\/09\/EVA_0880reducida-300x211.jpg 300w, http:\/\/www.personasounds.com\/wp-content\/uploads\/2016\/09\/EVA_0880reducida-768x540.jpg 768w, http:\/\/www.personasounds.com\/wp-content\/uploads\/2016\/09\/EVA_0880reducida.jpg 1000w\" sizes=\"(max-width: 318px) 100vw, 318px\" \/><\/p>\n<p>\u00abPersona\u00bb is a project led by Odisseu de Laertes.<br \/>\nSoundscapes; architectural music. A point of reflection through the senses, where the focus is on the movement, textures, depth, sound layers, transitions, colors, thin lines, rough planes&#8230;<br \/>\nMusic to go inside. Creating a landscape that is heard as if you look at a painting, slowly, diving deep into the details. Allowing yourself to evoke images that are not necessarily there, bringing memories and getting you out of the labyrinth of your mind to take you to a suspended space where all things are possible.<\/p>\n<p>&nbsp;<\/p>\n<hr \/>\n<p>&nbsp;<\/p>\n<p><strong>Odisseu de Laertes (Director)<\/strong><\/p>\n<p><strong>\u00a0<\/strong><\/p>\n<p>Odisseu de Laertes (Valencia, 1977) es un m\u00fasico de naturaleza autodidacta, que ha hecho incursiones en la tradici\u00f3n musical europea (guitarra cl\u00e1sica, 1997-2001) y en la m\u00fasica tradicional hindustan\u00ed (sitar y tabla, 2003-2005). Desde 2002 investiga en distintos universos musicales, creando o co-dirigiendo proyectos como Eudaemon\u00eda (m\u00fasicas del mundo), Jay Bole (m\u00fasicas del mundo), Bleef (experimentaci\u00f3n y paisajismo sonoro). Adem\u00e1s desde entonces crea y colabora en musica y piezas de teatro, danza, circo y poes\u00eda (Kathak, Butoh, Circo Gran Fele).<\/p>\n<p>Desde 2012 dirige el \u201cProyecto Persona, paisajismo sonoro\u201d, en la b\u00fasqueda de nuevos sentidos musicales y la uni\u00f3n e interacci\u00f3n en directo de diversas artes (poes\u00eda, danza, pintura, m\u00fasica\u2026).<\/p>\n<p><img loading=\"lazy\" class=\"wp-image-245 size-medium aligncenter\" src=\"http:\/\/www.personasounds.com\/wp-content\/uploads\/2016\/09\/ODISSEU-264x300.jpg\" width=\"264\" height=\"300\" srcset=\"http:\/\/www.personasounds.com\/wp-content\/uploads\/2016\/09\/ODISSEU-264x300.jpg 264w, http:\/\/www.personasounds.com\/wp-content\/uploads\/2016\/09\/ODISSEU.jpg 500w\" sizes=\"(max-width: 264px) 100vw, 264px\" \/><\/p>\n","protected":false},"excerpt":{"rendered":"<p>The project \u00abPersona\u00bb is a project led by Odisseu de Laertes. Soundscapes; architectural music. A point of reflection through the senses, where the focus is on the movement, textures, depth, sound layers, transitions, colors, thin lines, rough planes&#8230; Music to go inside. Creating a landscape that is heard as if you look at a painting, [&hellip;]<\/p>\n","protected":false},"author":1,"featured_media":0,"parent":0,"menu_order":2,"comment_status":"closed","ping_status":"closed","template":"","meta":[],"_links":{"self":[{"href":"http:\/\/www.personasounds.com\/index.php?rest_route=\/wp\/v2\/pages\/58"}],"collection":[{"href":"http:\/\/www.personasounds.com\/index.php?rest_route=\/wp\/v2\/pages"}],"about":[{"href":"http:\/\/www.personasounds.com\/index.php?rest_route=\/wp\/v2\/types\/page"}],"author":[{"embeddable":true,"href":"http:\/\/www.personasounds.com\/index.php?rest_route=\/wp\/v2\/users\/1"}],"replies":[{"embeddable":true,"href":"http:\/\/www.personasounds.com\/index.php?rest_route=%2Fwp%2Fv2%2Fcomments&post=58"}],"version-history":[{"count":6,"href":"http:\/\/www.personasounds.com\/index.php?rest_route=\/wp\/v2\/pages\/58\/revisions"}],"predecessor-version":[{"id":246,"href":"http:\/\/www.personasounds.com\/index.php?rest_route=\/wp\/v2\/pages\/58\/revisions\/246"}],"wp:attachment":[{"href":"http:\/\/www.personasounds.com\/index.php?rest_route=%2Fwp%2Fv2%2Fmedia&parent=58"}],"curies":[{"name":"wp","href":"https:\/\/api.w.org\/{rel}","templated":true}]}}